{"id":16173,"date":"2024-05-15T17:22:56","date_gmt":"2024-05-15T17:22:56","guid":{"rendered":"https:\/\/seekapa.com\/economic-calendar\/"},"modified":"2026-01-25T08:33:41","modified_gmt":"2026-01-25T08:33:41","slug":"economic-calendar","status":"publish","type":"page","link":"https:\/\/sktrd.org\/es\/economic-calendar\/","title":{"rendered":"Economic calendar"},"content":{"rendered":"\t\t<div data-elementor-type=\"wp-page\" data-elementor-id=\"16173\" class=\"elementor elementor-16173\" data-elementor-post-type=\"page\">\n\t\t\t\t<div class=\"elementor-element elementor-element-4078277 e-flex e-con-boxed e-con e-parent\" data-id=\"4078277\" data-element_type=\"container\" data-e-type=\"container\">\n\t\t\t\t\t<div class=\"e-con-inner\">\n\t\t\t\t<div class=\"elementor-element elementor-element-680907f elementor-widget elementor-widget-image\" data-id=\"680907f\" data-element_type=\"widget\" data-e-type=\"widget\" data-widget_type=\"image.default\">\n\t\t\t\t<div class=\"elementor-widget-container\">\n\t\t\t\t\t\t\t\t\t\t\t\t\t\t\t<img fetchpriority=\"high\" decoding=\"async\" width=\"640\" height=\"216\" src=\"https:\/\/bcdn.seekapa.com\/wp-content\/uploads\/2025\/12\/hero-image2.png\" class=\"attachment-large size-large wp-image-38788\" alt=\"\" \/>\t\t\t\t\t\t\t\t\t\t\t\t\t\t\t<\/div>\n\t\t\t\t<\/div>\n\t\t\t\t<div class=\"elementor-element elementor-element-e5ead40 elementor-widget__width-initial elementor-widget elementor-widget-shortcode\" data-id=\"e5ead40\" data-element_type=\"widget\" data-e-type=\"widget\" data-widget_type=\"shortcode.default\">\n\t\t\t\t<div class=\"elementor-widget-container\">\n\t\t\t\t\t\t\t<div class=\"elementor-shortcode\"><div class=\"aioseo-breadcrumbs\"><span class=\"aioseo-breadcrumb\">\n\tPagina de inicio\n<\/span><\/div>\n<\/div>\n\t\t\t\t\t\t<\/div>\n\t\t\t\t<\/div>\n\t\t\t\t<div class=\"elementor-element elementor-element-801cad2 elementor-widget__width-initial elementor-widget elementor-widget-heading\" data-id=\"801cad2\" data-element_type=\"widget\" data-e-type=\"widget\" data-widget_type=\"heading.default\">\n\t\t\t\t<div class=\"elementor-widget-container\">\n\t\t\t\t\t<h1 class=\"elementor-heading-title elementor-size-default\">Mantente Adelante con Nuestro <span> Calendario Econ\u00f3mico en Tiempo Real <\/span>\n<\/h1>\t\t\t\t<\/div>\n\t\t\t\t<\/div>\n\t\t\t\t<div class=\"elementor-element elementor-element-902c7b2 elementor-widget__width-initial elementor-widget elementor-widget-text-editor\" data-id=\"902c7b2\" data-element_type=\"widget\" data-e-type=\"widget\" data-widget_type=\"text-editor.default\">\n\t\t\t\t<div class=\"elementor-widget-container\">\n\t\t\t\t\t\t\t\t\t<p>Alinea tu estrategia de trading con la din\u00e1mica del mercado. Nuestro Calendario Econ\u00f3mico proporciona informaci\u00f3n crucial sobre eventos econ\u00f3micos importantes que podr\u00edan influir en los mercados, ayud\u00e1ndote a tomar decisiones de trading informadas.<\/p>\t\t\t\t\t\t\t\t<\/div>\n\t\t\t\t<\/div>\n\t\t\t\t<div class=\"elementor-element elementor-element-ec7e856 elementor-widget elementor-widget-html\" data-id=\"ec7e856\" data-element_type=\"widget\" data-e-type=\"widget\" data-widget_type=\"html.default\">\n\t\t\t\t<div class=\"elementor-widget-container\">\n\t\t\t\t\t<script>\n(function(w,d,t,h,l,b,p,o,a,m){w[\"TraducationFxObject\"]=o;w[o]=w[o]||function(){\nw[o].h=h;w[o].b=b;return (w[o].q=w[o].q||[]).push(arguments)};a=d.createElement(t),\nm=d.getElementsByTagName(t)[0];a.async=1;a.src=h+l+\"?b=\"+b+\"&p=\"+p.join(\",\")+'&rd='+w.location.protocol+'\/\/'+w.location.host+'&ru='+w.location.pathname+w.location.hash;a.crossorigin=\"use-credentials\";m.parentNode.insertBefore(a,m)\n})(window,document,\"script\",\"https:\/\/embedder.traducationfx.com\/\",\"embedder.js\",\"EQS7g3XTSaC\",[],\"TraducationFX\");\nTraducationFX(\"settings\", \"configure\", {\n    \"langCode\": \"es\",\n    \"theme\": \"dark\",\n    \"traderStateKey\": \"eP7gFXypBzC\"\n});\n<\/script>\n\n<script>\nTraducationFX(\"economicCalendar\", \"configure\", {\n    \"containerId\": \"trfx-economic-calendar\"\n});\nTraducationFX(\"economicCalendar\", \"embed\");\n<\/script>\n\n<div id=\"trfx-economic-calendar\"><\/div>\t\t\t\t<\/div>\n\t\t\t\t<\/div>\n\t\t\t\t\t<\/div>\n\t\t\t\t<\/div>\n\t\t\t\t<\/div>\n\t\t","protected":false},"excerpt":{"rendered":"<p>Mantente Adelante con Nuestro Calendario Econ\u00f3mico en Tiempo Real Alinea tu estrategia de trading con la din\u00e1mica del mercado. Nuestro Calendario Econ\u00f3mico proporciona informaci\u00f3n crucial sobre eventos econ\u00f3micos importantes que podr\u00edan influir en los mercados, ayud\u00e1ndote a tomar decisiones de trading informadas.<\/p>\n","protected":false},"author":1,"featured_media":0,"parent":0,"menu_order":0,"comment_status":"closed","ping_status":"closed","template":"elementor_header_footer","meta":{"footnotes":""},"class_list":["post-16173","page","type-page","status-publish","hentry"],"acf":[],"aioseo_notices":[],"_links":{"self":[{"href":"https:\/\/sktrd.org\/es\/wp-json\/wp\/v2\/pages\/16173","targetHints":{"allow":["GET"]}}],"collection":[{"href":"https:\/\/sktrd.org\/es\/wp-json\/wp\/v2\/pages"}],"about":[{"href":"https:\/\/sktrd.org\/es\/wp-json\/wp\/v2\/types\/page"}],"author":[{"embeddable":true,"href":"https:\/\/sktrd.org\/es\/wp-json\/wp\/v2\/users\/1"}],"replies":[{"embeddable":true,"href":"https:\/\/sktrd.org\/es\/wp-json\/wp\/v2\/comments?post=16173"}],"version-history":[{"count":0,"href":"https:\/\/sktrd.org\/es\/wp-json\/wp\/v2\/pages\/16173\/revisions"}],"wp:attachment":[{"href":"https:\/\/sktrd.org\/es\/wp-json\/wp\/v2\/media?parent=16173"}],"curies":[{"name":"wp","href":"https:\/\/api.w.org\/{rel}","templated":true}]}}